{"id":821,"date":"2021-05-11T13:50:26","date_gmt":"2021-05-11T13:50:26","guid":{"rendered":"https:\/\/la-maison-barbentane.com\/?page_id=821"},"modified":"2022-02-10T13:30:55","modified_gmt":"2022-02-10T13:30:55","slug":"visiter-autour-de-barbentane","status":"publish","type":"page","link":"https:\/\/la-maison-barbentane.com\/nl\/visiter-autour-de-barbentane","title":{"rendered":"Bezoeken rond Barbentane"},"content":{"rendered":"","protected":false},"excerpt":{"rendered":"","protected":false},"author":2,"featured_media":817,"parent":0,"menu_order":0,"comment_status":"closed","ping_status":"closed","template":"","meta":{"_glsr_average":0,"_glsr_ranking":0,"_glsr_reviews":0,"footnotes":""},"class_list":["post-821","page","type-page","status-publish","has-post-thumbnail","czr-hentry"],"yoast_head":"<!-- This site is optimized with the Yoast SEO plugin v27.4 - https:\/\/yoast.com\/product\/yoast-seo-wordpress\/ -->\n<title>Visiter autour de Barbentane &#8226; La Maison Barbentane<\/title>\n<meta name=\"description\" content=\"Visiter autour de Barbentane &#8226; La Maison Barbentane \u00e0 Saint-R\u00e9my de Provence au pied des Alpilles &#8226; R\u00e9servez votre s\u00e9jour\" \/>\n<meta name=\"robots\" content=\"index, follow, max-snippet:-1, max-image-preview:large, max-video-preview:-1\" \/>\n<link rel=\"canonical\" href=\"https:\/\/la-maison-barbentane.com\/nl\/bezoek-rondom-de-alpilles\" \/>\n<meta property=\"og:locale\" content=\"nl_NL\" \/>\n<meta property=\"og:type\" content=\"article\" \/>\n<meta property=\"og:title\" content=\"Visiter autour de Barbentane &#8226; La Maison Barbentane\" \/>\n<meta property=\"og:description\" content=\"Visiter autour de Barbentane &#8226; La Maison Barbentane \u00e0 Saint-R\u00e9my de Provence au pied des Alpilles &#8226; R\u00e9servez votre s\u00e9jour\" \/>\n<meta property=\"og:url\" content=\"https:\/\/la-maison-barbentane.com\/nl\/bezoek-rondom-de-alpilles\" \/>\n<meta property=\"og:site_name\" content=\"La Maison Barbentane\" \/>\n<meta property=\"article:publisher\" content=\"https:\/\/www.facebook.com\/search\/top?q=villa%20drossa\" \/>\n<meta property=\"article:modified_time\" content=\"2022-02-10T13:30:55+00:00\" \/>\n<meta property=\"og:image\" content=\"https:\/\/la-maison-barbentane.com\/wp-content\/uploads\/2021\/05\/ALPILLES.jpeg\" \/>\n\t<meta property=\"og:image:width\" content=\"1024\" \/>\n\t<meta property=\"og:image:height\" content=\"768\" \/>\n\t<meta property=\"og:image:type\" content=\"image\/jpeg\" \/>\n<meta name=\"twitter:card\" content=\"summary_large_image\" \/>\n<script type=\"application\/ld+json\" class=\"yoast-schema-graph\">{\"@context\":\"https:\\\/\\\/schema.org\",\"@graph\":[{\"@type\":[\"WebPage\",\"SearchResultsPage\"],\"@id\":\"https:\\\/\\\/la-maison-barbentane.com\\\/nl\\\/bezoek-rondom-de-alpilles\",\"url\":\"https:\\\/\\\/la-maison-barbentane.com\\\/nl\\\/bezoek-rondom-de-alpilles\",\"name\":\"Visiter autour de Barbentane &#8226; La Maison Barbentane\",\"isPartOf\":{\"@id\":\"https:\\\/\\\/la-maison-barbentane.com\\\/nl\\\/#website\"},\"primaryImageOfPage\":{\"@id\":\"https:\\\/\\\/la-maison-barbentane.com\\\/nl\\\/bezoek-rondom-de-alpilles#primaryimage\"},\"image\":{\"@id\":\"https:\\\/\\\/la-maison-barbentane.com\\\/nl\\\/bezoek-rondom-de-alpilles#primaryimage\"},\"thumbnailUrl\":\"https:\\\/\\\/la-maison-barbentane.com\\\/wp-content\\\/uploads\\\/2021\\\/05\\\/ALPILLES.jpeg\",\"datePublished\":\"2021-05-11T13:50:26+00:00\",\"dateModified\":\"2022-02-10T13:30:55+00:00\",\"description\":\"Visiter autour de Barbentane &#8226; La Maison Barbentane \u00e0 Saint-R\u00e9my de Provence au pied des Alpilles &#8226; R\u00e9servez votre s\u00e9jour\",\"breadcrumb\":{\"@id\":\"https:\\\/\\\/la-maison-barbentane.com\\\/nl\\\/bezoek-rondom-de-alpilles#breadcrumb\"},\"inLanguage\":\"nl-NL\",\"potentialAction\":[{\"@type\":\"ReadAction\",\"target\":[\"https:\\\/\\\/la-maison-barbentane.com\\\/nl\\\/bezoek-rondom-de-alpilles\"]}]},{\"@type\":\"ImageObject\",\"inLanguage\":\"nl-NL\",\"@id\":\"https:\\\/\\\/la-maison-barbentane.com\\\/nl\\\/bezoek-rondom-de-alpilles#primaryimage\",\"url\":\"https:\\\/\\\/la-maison-barbentane.com\\\/wp-content\\\/uploads\\\/2021\\\/05\\\/ALPILLES.jpeg\",\"contentUrl\":\"https:\\\/\\\/la-maison-barbentane.com\\\/wp-content\\\/uploads\\\/2021\\\/05\\\/ALPILLES.jpeg\",\"width\":1024,\"height\":768,\"caption\":\"ALPILLES\"},{\"@type\":\"BreadcrumbList\",\"@id\":\"https:\\\/\\\/la-maison-barbentane.com\\\/nl\\\/bezoek-rondom-de-alpilles#breadcrumb\",\"itemListElement\":[{\"@type\":\"ListItem\",\"position\":1,\"name\":\"Accueil\",\"item\":\"https:\\\/\\\/la-maison-barbentane.com\\\/\"},{\"@type\":\"ListItem\",\"position\":2,\"name\":\"Visiter autour de Barbentane\"}]},{\"@type\":\"WebSite\",\"@id\":\"https:\\\/\\\/la-maison-barbentane.com\\\/nl\\\/#website\",\"url\":\"https:\\\/\\\/la-maison-barbentane.com\\\/nl\\\/\",\"name\":\"Villa Drossa - Location de vacances\",\"description\":\"Location saisonni\u00e8re \u00e0 Barbentane\",\"publisher\":{\"@id\":\"https:\\\/\\\/la-maison-barbentane.com\\\/nl\\\/#organization\"},\"potentialAction\":[{\"@type\":\"SearchAction\",\"target\":{\"@type\":\"EntryPoint\",\"urlTemplate\":\"https:\\\/\\\/la-maison-barbentane.com\\\/nl\\\/?s={search_term_string}\"},\"query-input\":{\"@type\":\"PropertyValueSpecification\",\"valueRequired\":true,\"valueName\":\"search_term_string\"}}],\"inLanguage\":\"nl-NL\"},{\"@type\":\"Organization\",\"@id\":\"https:\\\/\\\/la-maison-barbentane.com\\\/nl\\\/#organization\",\"name\":\"Villa Drossa\",\"url\":\"https:\\\/\\\/la-maison-barbentane.com\\\/nl\\\/\",\"logo\":{\"@type\":\"ImageObject\",\"inLanguage\":\"nl-NL\",\"@id\":\"https:\\\/\\\/la-maison-barbentane.com\\\/nl\\\/#\\\/schema\\\/logo\\\/image\\\/\",\"url\":\"https:\\\/\\\/la-maison-barbentane.com\\\/wp-content\\\/uploads\\\/2021\\\/05\\\/Logo-Villa-Drossa-vectorise.png\",\"contentUrl\":\"https:\\\/\\\/la-maison-barbentane.com\\\/wp-content\\\/uploads\\\/2021\\\/05\\\/Logo-Villa-Drossa-vectorise.png\",\"width\":417,\"height\":290,\"caption\":\"Villa Drossa\"},\"image\":{\"@id\":\"https:\\\/\\\/la-maison-barbentane.com\\\/nl\\\/#\\\/schema\\\/logo\\\/image\\\/\"},\"sameAs\":[\"https:\\\/\\\/www.facebook.com\\\/search\\\/top?q=villa drossa\",\"https:\\\/\\\/www.instagram.com\\\/villa_drossa\\\/\",\"https:\\\/\\\/www.youtube.com\\\/watch?v=KYQe36vpk_Q\"]}]}<\/script>\n<!-- \/ Yoast SEO plugin. -->","yoast_head_json":{"title":"Bezoek aan Barbentane - La Maison Barbentane","description":"Bezoek Barbentane - La Maison Barbentane in Saint-R\u00e9my de Provence aan de voet van de Alpilles - Boek uw verblijf","robots":{"index":"index","follow":"follow","max-snippet":"max-snippet:-1","max-image-preview":"max-image-preview:large","max-video-preview":"max-video-preview:-1"},"canonical":"https:\/\/la-maison-barbentane.com\/nl\/bezoek-rondom-de-alpilles","og_locale":"nl_NL","og_type":"article","og_title":"Visiter autour de Barbentane &#8226; La Maison Barbentane","og_description":"Visiter autour de Barbentane &#8226; La Maison Barbentane \u00e0 Saint-R\u00e9my de Provence au pied des Alpilles &#8226; R\u00e9servez votre s\u00e9jour","og_url":"https:\/\/la-maison-barbentane.com\/nl\/bezoek-rondom-de-alpilles","og_site_name":"La Maison Barbentane","article_publisher":"https:\/\/www.facebook.com\/search\/top?q=villa%20drossa","article_modified_time":"2022-02-10T13:30:55+00:00","og_image":[{"width":1024,"height":768,"url":"https:\/\/la-maison-barbentane.com\/wp-content\/uploads\/2021\/05\/ALPILLES.jpeg","type":"image\/jpeg"}],"twitter_card":"summary_large_image","schema":{"@context":"https:\/\/schema.org","@graph":[{"@type":["WebPage","SearchResultsPage"],"@id":"https:\/\/la-maison-barbentane.com\/nl\/bezoek-rondom-de-alpilles","url":"https:\/\/la-maison-barbentane.com\/nl\/bezoek-rondom-de-alpilles","name":"Bezoek aan Barbentane - La Maison Barbentane","isPartOf":{"@id":"https:\/\/la-maison-barbentane.com\/nl\/#website"},"primaryImageOfPage":{"@id":"https:\/\/la-maison-barbentane.com\/nl\/bezoek-rondom-de-alpilles#primaryimage"},"image":{"@id":"https:\/\/la-maison-barbentane.com\/nl\/bezoek-rondom-de-alpilles#primaryimage"},"thumbnailUrl":"https:\/\/la-maison-barbentane.com\/wp-content\/uploads\/2021\/05\/ALPILLES.jpeg","datePublished":"2021-05-11T13:50:26+00:00","dateModified":"2022-02-10T13:30:55+00:00","description":"Bezoek Barbentane - La Maison Barbentane in Saint-R\u00e9my de Provence aan de voet van de Alpilles - Boek uw verblijf","breadcrumb":{"@id":"https:\/\/la-maison-barbentane.com\/nl\/bezoek-rondom-de-alpilles#breadcrumb"},"inLanguage":"nl-NL","potentialAction":[{"@type":"ReadAction","target":["https:\/\/la-maison-barbentane.com\/nl\/bezoek-rondom-de-alpilles"]}]},{"@type":"ImageObject","inLanguage":"nl-NL","@id":"https:\/\/la-maison-barbentane.com\/nl\/bezoek-rondom-de-alpilles#primaryimage","url":"https:\/\/la-maison-barbentane.com\/wp-content\/uploads\/2021\/05\/ALPILLES.jpeg","contentUrl":"https:\/\/la-maison-barbentane.com\/wp-content\/uploads\/2021\/05\/ALPILLES.jpeg","width":1024,"height":768,"caption":"ALPILLES"},{"@type":"BreadcrumbList","@id":"https:\/\/la-maison-barbentane.com\/nl\/bezoek-rondom-de-alpilles#breadcrumb","itemListElement":[{"@type":"ListItem","position":1,"name":"Accueil","item":"https:\/\/la-maison-barbentane.com\/"},{"@type":"ListItem","position":2,"name":"Visiter autour de Barbentane"}]},{"@type":"WebSite","@id":"https:\/\/la-maison-barbentane.com\/nl\/#website","url":"https:\/\/la-maison-barbentane.com\/nl\/","name":"Villa Drossa - Vakantieverhuur","description":"Seizoensverhuur in Barbentane","publisher":{"@id":"https:\/\/la-maison-barbentane.com\/nl\/#organization"},"potentialAction":[{"@type":"SearchAction","target":{"@type":"EntryPoint","urlTemplate":"https:\/\/la-maison-barbentane.com\/nl\/?s={search_term_string}"},"query-input":{"@type":"PropertyValueSpecification","valueRequired":true,"valueName":"search_term_string"}}],"inLanguage":"nl-NL"},{"@type":"Organization","@id":"https:\/\/la-maison-barbentane.com\/nl\/#organization","name":"Villa Drossa","url":"https:\/\/la-maison-barbentane.com\/nl\/","logo":{"@type":"ImageObject","inLanguage":"nl-NL","@id":"https:\/\/la-maison-barbentane.com\/nl\/#\/schema\/logo\/image\/","url":"https:\/\/la-maison-barbentane.com\/wp-content\/uploads\/2021\/05\/Logo-Villa-Drossa-vectorise.png","contentUrl":"https:\/\/la-maison-barbentane.com\/wp-content\/uploads\/2021\/05\/Logo-Villa-Drossa-vectorise.png","width":417,"height":290,"caption":"Villa Drossa"},"image":{"@id":"https:\/\/la-maison-barbentane.com\/nl\/#\/schema\/logo\/image\/"},"sameAs":["https:\/\/www.facebook.com\/search\/top?q=villa drossa","https:\/\/www.instagram.com\/villa_drossa\/","https:\/\/www.youtube.com\/watch?v=KYQe36vpk_Q"]}]}},"_links":{"self":[{"href":"https:\/\/la-maison-barbentane.com\/nl\/wp-json\/wp\/v2\/pages\/821","targetHints":{"allow":["GET"]}}],"collection":[{"href":"https:\/\/la-maison-barbentane.com\/nl\/wp-json\/wp\/v2\/pages"}],"about":[{"href":"https:\/\/la-maison-barbentane.com\/nl\/wp-json\/wp\/v2\/types\/page"}],"author":[{"embeddable":true,"href":"https:\/\/la-maison-barbentane.com\/nl\/wp-json\/wp\/v2\/users\/2"}],"replies":[{"embeddable":true,"href":"https:\/\/la-maison-barbentane.com\/nl\/wp-json\/wp\/v2\/comments?post=821"}],"version-history":[{"count":3,"href":"https:\/\/la-maison-barbentane.com\/nl\/wp-json\/wp\/v2\/pages\/821\/revisions"}],"predecessor-version":[{"id":2413,"href":"https:\/\/la-maison-barbentane.com\/nl\/wp-json\/wp\/v2\/pages\/821\/revisions\/2413"}],"wp:featuredmedia":[{"embeddable":true,"href":"https:\/\/la-maison-barbentane.com\/nl\/wp-json\/wp\/v2\/media\/817"}],"wp:attachment":[{"href":"https:\/\/la-maison-barbentane.com\/nl\/wp-json\/wp\/v2\/media?parent=821"}],"curies":[{"name":"wp","href":"https:\/\/api.w.org\/{rel}","templated":true}]}}