{"id":14,"date":"2021-04-20T13:36:55","date_gmt":"2021-04-20T13:36:55","guid":{"rendered":"https:\/\/la-maison-barbentane.com\/?page_id=14"},"modified":"2022-01-26T17:21:44","modified_gmt":"2022-01-26T17:21:44","slug":"services-conciergerie","status":"publish","type":"page","link":"https:\/\/la-maison-barbentane.com\/de\/services-conciergerie","title":{"rendered":"Dienstleistungen und Aktivit\u00e4ten"},"content":{"rendered":"","protected":false},"excerpt":{"rendered":"","protected":false},"author":2,"featured_media":2023,"parent":0,"menu_order":0,"comment_status":"closed","ping_status":"closed","template":"","meta":{"_glsr_average":0,"_glsr_ranking":0,"_glsr_reviews":0,"footnotes":""},"class_list":["post-14","page","type-page","status-publish","has-post-thumbnail","czr-hentry"],"yoast_head":"<!-- This site is optimized with the Yoast SEO plugin v27.4 - https:\/\/yoast.com\/product\/yoast-seo-wordpress\/ -->\n<title>Services et activit\u00e9s &#8226; La Maison Barbentane<\/title>\n<meta name=\"description\" content=\"D\u00e9couvrez tous les Services et activit\u00e9s disponibles pendant votre s\u00e9jour &#8226; La Maison Barbentane \u00e0 2 pas de Saint-R\u00e9my de Provence\" \/>\n<meta name=\"robots\" content=\"index, follow, max-snippet:-1, max-image-preview:large, max-video-preview:-1\" \/>\n<link rel=\"canonical\" href=\"https:\/\/la-maison-barbentane.com\/de\/services-conciergerie\" \/>\n<meta property=\"og:locale\" content=\"de_DE\" \/>\n<meta property=\"og:type\" content=\"article\" \/>\n<meta property=\"og:title\" content=\"Services et activit\u00e9s &#8226; La Maison Barbentane\" \/>\n<meta property=\"og:description\" content=\"D\u00e9couvrez tous les Services et activit\u00e9s disponibles pendant votre s\u00e9jour &#8226; La Maison Barbentane \u00e0 2 pas de Saint-R\u00e9my de Provence\" \/>\n<meta property=\"og:url\" content=\"https:\/\/la-maison-barbentane.com\/de\/services-conciergerie\" \/>\n<meta property=\"og:site_name\" content=\"La Maison Barbentane\" \/>\n<meta property=\"article:publisher\" content=\"https:\/\/www.facebook.com\/search\/top?q=villa%20drossa\" \/>\n<meta property=\"article:modified_time\" content=\"2022-01-26T17:21:44+00:00\" \/>\n<meta property=\"og:image\" content=\"https:\/\/la-maison-barbentane.com\/wp-content\/uploads\/2022\/01\/Pont-avignon.png\" \/>\n\t<meta property=\"og:image:width\" content=\"1024\" \/>\n\t<meta property=\"og:image:height\" content=\"478\" \/>\n\t<meta property=\"og:image:type\" content=\"image\/png\" \/>\n<meta name=\"twitter:card\" content=\"summary_large_image\" \/>\n<script type=\"application\/ld+json\" class=\"yoast-schema-graph\">{\"@context\":\"https:\\\/\\\/schema.org\",\"@graph\":[{\"@type\":\"WebPage\",\"@id\":\"https:\\\/\\\/la-maison-barbentane.com\\\/services-conciergerie\",\"url\":\"https:\\\/\\\/la-maison-barbentane.com\\\/services-conciergerie\",\"name\":\"Services et activit\u00e9s &#8226; La Maison Barbentane\",\"isPartOf\":{\"@id\":\"https:\\\/\\\/la-maison-barbentane.com\\\/nl\\\/#website\"},\"primaryImageOfPage\":{\"@id\":\"https:\\\/\\\/la-maison-barbentane.com\\\/services-conciergerie#primaryimage\"},\"image\":{\"@id\":\"https:\\\/\\\/la-maison-barbentane.com\\\/services-conciergerie#primaryimage\"},\"thumbnailUrl\":\"https:\\\/\\\/la-maison-barbentane.com\\\/wp-content\\\/uploads\\\/2022\\\/01\\\/Pont-avignon.png\",\"datePublished\":\"2021-04-20T13:36:55+00:00\",\"dateModified\":\"2022-01-26T17:21:44+00:00\",\"description\":\"D\u00e9couvrez tous les Services et activit\u00e9s disponibles pendant votre s\u00e9jour &#8226; La Maison Barbentane \u00e0 2 pas de Saint-R\u00e9my de Provence\",\"breadcrumb\":{\"@id\":\"https:\\\/\\\/la-maison-barbentane.com\\\/services-conciergerie#breadcrumb\"},\"inLanguage\":\"de\",\"potentialAction\":[{\"@type\":\"ReadAction\",\"target\":[\"https:\\\/\\\/la-maison-barbentane.com\\\/services-conciergerie\"]}]},{\"@type\":\"ImageObject\",\"inLanguage\":\"de\",\"@id\":\"https:\\\/\\\/la-maison-barbentane.com\\\/services-conciergerie#primaryimage\",\"url\":\"https:\\\/\\\/la-maison-barbentane.com\\\/wp-content\\\/uploads\\\/2022\\\/01\\\/Pont-avignon.png\",\"contentUrl\":\"https:\\\/\\\/la-maison-barbentane.com\\\/wp-content\\\/uploads\\\/2022\\\/01\\\/Pont-avignon.png\",\"width\":1024,\"height\":478,\"caption\":\"Pont avignon\"},{\"@type\":\"BreadcrumbList\",\"@id\":\"https:\\\/\\\/la-maison-barbentane.com\\\/services-conciergerie#breadcrumb\",\"itemListElement\":[{\"@type\":\"ListItem\",\"position\":1,\"name\":\"Accueil\",\"item\":\"https:\\\/\\\/la-maison-barbentane.com\\\/\"},{\"@type\":\"ListItem\",\"position\":2,\"name\":\"Services et activit\u00e9s\"}]},{\"@type\":\"WebSite\",\"@id\":\"https:\\\/\\\/la-maison-barbentane.com\\\/nl\\\/#website\",\"url\":\"https:\\\/\\\/la-maison-barbentane.com\\\/nl\\\/\",\"name\":\"Villa Drossa - Location de vacances\",\"description\":\"Location saisonni\u00e8re \u00e0 Barbentane\",\"publisher\":{\"@id\":\"https:\\\/\\\/la-maison-barbentane.com\\\/nl\\\/#organization\"},\"potentialAction\":[{\"@type\":\"SearchAction\",\"target\":{\"@type\":\"EntryPoint\",\"urlTemplate\":\"https:\\\/\\\/la-maison-barbentane.com\\\/nl\\\/?s={search_term_string}\"},\"query-input\":{\"@type\":\"PropertyValueSpecification\",\"valueRequired\":true,\"valueName\":\"search_term_string\"}}],\"inLanguage\":\"de\"},{\"@type\":\"Organization\",\"@id\":\"https:\\\/\\\/la-maison-barbentane.com\\\/nl\\\/#organization\",\"name\":\"Villa Drossa\",\"url\":\"https:\\\/\\\/la-maison-barbentane.com\\\/nl\\\/\",\"logo\":{\"@type\":\"ImageObject\",\"inLanguage\":\"de\",\"@id\":\"https:\\\/\\\/la-maison-barbentane.com\\\/nl\\\/#\\\/schema\\\/logo\\\/image\\\/\",\"url\":\"https:\\\/\\\/la-maison-barbentane.com\\\/wp-content\\\/uploads\\\/2021\\\/05\\\/Logo-Villa-Drossa-vectorise.png\",\"contentUrl\":\"https:\\\/\\\/la-maison-barbentane.com\\\/wp-content\\\/uploads\\\/2021\\\/05\\\/Logo-Villa-Drossa-vectorise.png\",\"width\":417,\"height\":290,\"caption\":\"Villa Drossa\"},\"image\":{\"@id\":\"https:\\\/\\\/la-maison-barbentane.com\\\/nl\\\/#\\\/schema\\\/logo\\\/image\\\/\"},\"sameAs\":[\"https:\\\/\\\/www.facebook.com\\\/search\\\/top?q=villa drossa\",\"https:\\\/\\\/www.instagram.com\\\/villa_drossa\\\/\",\"https:\\\/\\\/www.youtube.com\\\/watch?v=KYQe36vpk_Q\"]}]}<\/script>\n<!-- \/ Yoast SEO plugin. -->","yoast_head_json":{"title":"Dienstleistungen und Aktivit\u00e4ten - La Maison Barbentane","description":"Entdecken Sie alle Dienstleistungen und Aktivit\u00e4ten, die Ihnen w\u00e4hrend Ihres Aufenthalts zur Verf\u00fcgung stehen - La Maison Barbentane 2 Schritte von Saint-R\u00e9my de Provence entfernt","robots":{"index":"index","follow":"follow","max-snippet":"max-snippet:-1","max-image-preview":"max-image-preview:large","max-video-preview":"max-video-preview:-1"},"canonical":"https:\/\/la-maison-barbentane.com\/de\/services-conciergerie","og_locale":"de_DE","og_type":"article","og_title":"Services et activit\u00e9s &#8226; La Maison Barbentane","og_description":"D\u00e9couvrez tous les Services et activit\u00e9s disponibles pendant votre s\u00e9jour &#8226; La Maison Barbentane \u00e0 2 pas de Saint-R\u00e9my de Provence","og_url":"https:\/\/la-maison-barbentane.com\/de\/services-conciergerie","og_site_name":"La Maison Barbentane","article_publisher":"https:\/\/www.facebook.com\/search\/top?q=villa%20drossa","article_modified_time":"2022-01-26T17:21:44+00:00","og_image":[{"width":1024,"height":478,"url":"https:\/\/la-maison-barbentane.com\/wp-content\/uploads\/2022\/01\/Pont-avignon.png","type":"image\/png"}],"twitter_card":"summary_large_image","schema":{"@context":"https:\/\/schema.org","@graph":[{"@type":"WebPage","@id":"https:\/\/la-maison-barbentane.com\/services-conciergerie","url":"https:\/\/la-maison-barbentane.com\/services-conciergerie","name":"Dienstleistungen und Aktivit\u00e4ten - La Maison Barbentane","isPartOf":{"@id":"https:\/\/la-maison-barbentane.com\/nl\/#website"},"primaryImageOfPage":{"@id":"https:\/\/la-maison-barbentane.com\/services-conciergerie#primaryimage"},"image":{"@id":"https:\/\/la-maison-barbentane.com\/services-conciergerie#primaryimage"},"thumbnailUrl":"https:\/\/la-maison-barbentane.com\/wp-content\/uploads\/2022\/01\/Pont-avignon.png","datePublished":"2021-04-20T13:36:55+00:00","dateModified":"2022-01-26T17:21:44+00:00","description":"Entdecken Sie alle Dienstleistungen und Aktivit\u00e4ten, die Ihnen w\u00e4hrend Ihres Aufenthalts zur Verf\u00fcgung stehen - La Maison Barbentane 2 Schritte von Saint-R\u00e9my de Provence entfernt","breadcrumb":{"@id":"https:\/\/la-maison-barbentane.com\/services-conciergerie#breadcrumb"},"inLanguage":"de","potentialAction":[{"@type":"ReadAction","target":["https:\/\/la-maison-barbentane.com\/services-conciergerie"]}]},{"@type":"ImageObject","inLanguage":"de","@id":"https:\/\/la-maison-barbentane.com\/services-conciergerie#primaryimage","url":"https:\/\/la-maison-barbentane.com\/wp-content\/uploads\/2022\/01\/Pont-avignon.png","contentUrl":"https:\/\/la-maison-barbentane.com\/wp-content\/uploads\/2022\/01\/Pont-avignon.png","width":1024,"height":478,"caption":"Pont avignon"},{"@type":"BreadcrumbList","@id":"https:\/\/la-maison-barbentane.com\/services-conciergerie#breadcrumb","itemListElement":[{"@type":"ListItem","position":1,"name":"Accueil","item":"https:\/\/la-maison-barbentane.com\/"},{"@type":"ListItem","position":2,"name":"Services et activit\u00e9s"}]},{"@type":"WebSite","@id":"https:\/\/la-maison-barbentane.com\/nl\/#website","url":"https:\/\/la-maison-barbentane.com\/nl\/","name":"Villa Drossa - Ferienvermietung","description":"Saisonvermietungen in Barbentane","publisher":{"@id":"https:\/\/la-maison-barbentane.com\/nl\/#organization"},"potentialAction":[{"@type":"SearchAction","target":{"@type":"EntryPoint","urlTemplate":"https:\/\/la-maison-barbentane.com\/nl\/?s={search_term_string}"},"query-input":{"@type":"PropertyValueSpecification","valueRequired":true,"valueName":"search_term_string"}}],"inLanguage":"de"},{"@type":"Organization","@id":"https:\/\/la-maison-barbentane.com\/nl\/#organization","name":"Villa Drossa","url":"https:\/\/la-maison-barbentane.com\/nl\/","logo":{"@type":"ImageObject","inLanguage":"de","@id":"https:\/\/la-maison-barbentane.com\/nl\/#\/schema\/logo\/image\/","url":"https:\/\/la-maison-barbentane.com\/wp-content\/uploads\/2021\/05\/Logo-Villa-Drossa-vectorise.png","contentUrl":"https:\/\/la-maison-barbentane.com\/wp-content\/uploads\/2021\/05\/Logo-Villa-Drossa-vectorise.png","width":417,"height":290,"caption":"Villa Drossa"},"image":{"@id":"https:\/\/la-maison-barbentane.com\/nl\/#\/schema\/logo\/image\/"},"sameAs":["https:\/\/www.facebook.com\/search\/top?q=villa drossa","https:\/\/www.instagram.com\/villa_drossa\/","https:\/\/www.youtube.com\/watch?v=KYQe36vpk_Q"]}]}},"_links":{"self":[{"href":"https:\/\/la-maison-barbentane.com\/de\/wp-json\/wp\/v2\/pages\/14","targetHints":{"allow":["GET"]}}],"collection":[{"href":"https:\/\/la-maison-barbentane.com\/de\/wp-json\/wp\/v2\/pages"}],"about":[{"href":"https:\/\/la-maison-barbentane.com\/de\/wp-json\/wp\/v2\/types\/page"}],"author":[{"embeddable":true,"href":"https:\/\/la-maison-barbentane.com\/de\/wp-json\/wp\/v2\/users\/2"}],"replies":[{"embeddable":true,"href":"https:\/\/la-maison-barbentane.com\/de\/wp-json\/wp\/v2\/comments?post=14"}],"version-history":[{"count":5,"href":"https:\/\/la-maison-barbentane.com\/de\/wp-json\/wp\/v2\/pages\/14\/revisions"}],"predecessor-version":[{"id":2068,"href":"https:\/\/la-maison-barbentane.com\/de\/wp-json\/wp\/v2\/pages\/14\/revisions\/2068"}],"wp:featuredmedia":[{"embeddable":true,"href":"https:\/\/la-maison-barbentane.com\/de\/wp-json\/wp\/v2\/media\/2023"}],"wp:attachment":[{"href":"https:\/\/la-maison-barbentane.com\/de\/wp-json\/wp\/v2\/media?parent=14"}],"curies":[{"name":"wp","href":"https:\/\/api.w.org\/{rel}","templated":true}]}}